{"id":1289,"date":"2015-11-07T14:23:26","date_gmt":"2015-11-07T14:23:26","guid":{"rendered":"http:\/\/www.iasitex.ro\/?page_id=1289"},"modified":"2018-04-17T14:37:57","modified_gmt":"2018-04-17T12:37:57","slug":"certificari","status":"publish","type":"page","link":"https:\/\/www.iasitex.com\/en\/politica-in-domeniul-calitatii\/certificari\/","title":{"rendered":"Certification"},"content":{"rendered":"<p align=\"center\"><strong>Calitate &#8211; autoriz\u0103ri, certific\u0103ri<\/strong><\/p>\n<ul type=\"square\">\n<li style=\"text-align: justify;\">Certificare IWAY &#8211; IKEA Switzerland<\/li>\n<li style=\"text-align: justify;\">Certificat pentru implementarea \u015fi men\u0163inerea Sistemului de management al s\u0103n\u0103t\u0103\u0163ii \u015fi siguran\u0163ei ocupa\u0163ionale, standard OHSAS-18001<\/li>\n<li style=\"text-align: justify;\">Certificat OEKO-TEX, standard 100, pentru asigurarea calit\u0103\u0163ii produc\u0163iei \u0163es\u0103turilor din bumbac \u015fi tip bumbac<\/li>\n<li style=\"text-align: justify;\">Certificare a sistemului de asigurarea calit\u0103\u0163ii din partea Comisiei de certificare, Acreditare \u015fi Supraveghere a Ministerului de Interne al Romaniei<\/li>\n<li style=\"text-align: justify;\">Autoriza\u0163ie integrat\u0103 de mediu<\/li>\n<li style=\"text-align: justify;\">Certificat pentru Sistemul de Management Integrat Calitate-Mediu corespunz\u0103tor ISO Calitate 9001 \u015fi ISO Mediu 14001<\/li>\n<\/ul>\n<p><a href=\"https:\/\/www.iasitex.ro\/wp-content\/uploads\/2016\/06\/3.png\" rel=\"attachment wp-att-1553\"><img loading=\"lazy\" class=\"alignnone wp-image-1553 size-medium\" src=\"https:\/\/www.iasitex.ro\/wp-content\/uploads\/2016\/06\/3-300x194.png\" alt=\"Innovatext\" width=\"300\" height=\"194\" srcset=\"https:\/\/www.iasitex.com\/wp-content\/uploads\/2016\/06\/3-300x194.png 300w, https:\/\/www.iasitex.com\/wp-content\/uploads\/2016\/06\/3-768x496.png 768w, https:\/\/www.iasitex.com\/wp-content\/uploads\/2016\/06\/3-1024x662.png 1024w, https:\/\/www.iasitex.com\/wp-content\/uploads\/2016\/06\/3.png 1057w\" sizes=\"(max-width: 300px) 100vw, 300px\" \/><\/a><\/p>\n","protected":false},"excerpt":{"rendered":"<p>Calitate &#8211; autoriz\u0103ri, certific\u0103ri Certificare IWAY &#8211; IKEA Switzerland Certificat pentru implementarea \u015fi men\u0163inerea Sistemului de management al s\u0103n\u0103t\u0103\u0163ii \u015fi siguran\u0163ei ocupa\u0163ionale, standard OHSAS-18001 Certificat OEKO-TEX, standard 100, pentru asigurarea calit\u0103\u0163ii produc\u0163iei \u0163es\u0103turilor din bumbac \u015fi tip bumbac Certificare a sistemului de asigurarea calit\u0103\u0163ii din partea Comisiei de certificare, Acreditare \u015fi Supraveghere a Ministerului de [&hellip;]<\/p>\n","protected":false},"author":7,"featured_media":0,"parent":849,"menu_order":0,"comment_status":"closed","ping_status":"closed","template":"","meta":[],"_links":{"self":[{"href":"https:\/\/www.iasitex.com\/en\/wp-json\/wp\/v2\/pages\/1289"}],"collection":[{"href":"https:\/\/www.iasitex.com\/en\/wp-json\/wp\/v2\/pages"}],"about":[{"href":"https:\/\/www.iasitex.com\/en\/wp-json\/wp\/v2\/types\/page"}],"author":[{"embeddable":true,"href":"https:\/\/www.iasitex.com\/en\/wp-json\/wp\/v2\/users\/7"}],"replies":[{"embeddable":true,"href":"https:\/\/www.iasitex.com\/en\/wp-json\/wp\/v2\/comments?post=1289"}],"version-history":[{"count":11,"href":"https:\/\/www.iasitex.com\/en\/wp-json\/wp\/v2\/pages\/1289\/revisions"}],"predecessor-version":[{"id":2433,"href":"https:\/\/www.iasitex.com\/en\/wp-json\/wp\/v2\/pages\/1289\/revisions\/2433"}],"up":[{"embeddable":true,"href":"https:\/\/www.iasitex.com\/en\/wp-json\/wp\/v2\/pages\/849"}],"wp:attachment":[{"href":"https:\/\/www.iasitex.com\/en\/wp-json\/wp\/v2\/media?parent=1289"}],"curies":[{"name":"wp","href":"https:\/\/api.w.org\/{rel}","templated":true}]}}