{"id":1298,"date":"2015-11-07T14:29:40","date_gmt":"2015-11-07T14:29:40","guid":{"rendered":"http:\/\/www.iasitex.ro\/?page_id=1298"},"modified":"2020-01-31T09:09:06","modified_gmt":"2020-01-31T07:09:06","slug":"politica-de-mediu","status":"publish","type":"page","link":"https:\/\/www.iasitex.com\/en\/politica-in-domeniul-calitatii\/politica-de-mediu\/","title":{"rendered":"Environmental policy"},"content":{"rendered":"<p><\/p>\n<p align=\"center\"><strong>Declara\u0163ia Directorului General al S.C. IA\u015eITEX S.A.<\/strong><strong><br \/>\ncu privire la politica integrat\u0103 calitate &#8211; mediu<\/strong><\/p>\n<p style=\"text-align: justify;\">Politica referitoare la calitate \u015fi mediu \u015fi angajamentul organiza\u0163iei noastre are \u00een vedere satisfacerea cerin\u0163elor explicite \u015fi implicite ale clien\u0163ilor, precum \u015fi a cerin\u0163elor legale \u015fi de reglementare.<br \/>\nMaterializarea acestui angajament este realizat\u0103 prin implementarea, men\u0163inerea \u015fi \u00eembun\u0103t\u0103\u0163irea unui sistem de management integrat calitate-mediu, in conformitate cu cerin\u0163ele standardelor SR EN ISO 9001-2008 \u015fi SR EN ISO 14001-2005 \u015fi respectarea reglement\u0103rilor din procedurile specifice emise.<br \/>\nPrincipalele coordonate ale politicii organiza\u0163iei noastre, referitoare la calitate si mediu, sunt:<\/p>\n<ul>\n<li style=\"text-align: justify;\">Livrarea c\u0103tre clien\u0163ii no\u015ftri a produselor f\u0103r\u0103 defecte, la termenele stabilite;<\/li>\n<li style=\"text-align: justify;\">Promovarea rela\u0163iilor de parteneriat cu furnizorii no\u015ftri, in vederea ob\u0163inerii satisfac\u0163iei clientilor \u015fi a celorlalte p\u0103r\u0163i interesate;<\/li>\n<li style=\"text-align: justify;\">Respectarea cu stricte\u0163e a legisla\u0163iei \u015fi a reglement\u0103rilor referitoare la calitate \u015fi mediu;<\/li>\n<li style=\"text-align: justify;\">Prevenirea polu\u0103rii prin identificarea, monitorizarea, analiza aspectelor de mediu precum \u015fi tinerea sub control al impactului acestora asupra mediului;<\/li>\n<li style=\"text-align: justify;\">Satisfacerea necesit\u0103\u0163ilor pie\u0163ei pe baza unui eco-management performant, bazat pe integrarea deciziilor economice \u015fi a celor referitoare la mediu intr-un proces unic;<\/li>\n<li style=\"text-align: justify;\">Evitarea, minimizarea \u015fi solutionarea incidentelor de mediu;<\/li>\n<li style=\"text-align: justify;\">Adoptarea cu prioritate a tehnologiilor curate;<\/li>\n<li style=\"text-align: justify;\">Conservarea \u015fi dezvoltarea bazei de materii prime \u015fi energie \u015fi utilizarea durabil\u0103 a resurselor regenerabile;<\/li>\n<li style=\"text-align: justify;\">Reducerea cantit\u0103tilor de de\u015feuri \u015fi gospod\u0103rirea acestora conform reglement\u0103rilor legale cu accent pe reciclarea acestora;<\/li>\n<li style=\"text-align: justify;\">Imbun\u0103t\u0103\u0163irea continu\u0103 a performan\u0163ei de mediu \u00een acord cu noile cerin\u0163e ale clien\u0163ilor, autorit\u0103\u0163ilor \u015fi opiniei publice;<\/li>\n<li style=\"text-align: justify;\">Recertificarea sistemului de management integrat de c\u0103tre un organism ter\u0163\u0103 parte din cadrul sistemului na\u0163ional de evaluare a conformit\u0103\u021bii \u015fi apoi men\u0163inerea acestei certific\u0103ri;<\/li>\n<li style=\"text-align: justify;\">Motivarea personalului pentru \u00eembun\u0103t\u0103\u0163irea continu\u0103 a eficacit\u0103\u0163ii sistemului de management integrat.<\/li>\n<\/ul>\n<p style=\"text-align: justify;\">Eficacitatea obiectivelor strategice, inclusiv a m\u0103surilor concrete specifice, a implement\u0103rii \u015fi men\u0163inerii lor, este urm\u0103rit\u0103 periodic \u00een cadrul analizelor de management \u015fi atunci c\u00e2nd este cazul, sunt stabilite \u015fi puse \u00een aplicare ac\u0163iunile corective necesare.<br \/>\n\u00cemi asum \u00eentreaga r\u0103spundere pentru alocarea resurselor \u015fi pentru func\u0163ionarea sistemului de management integrat \u015fi \u00eembun\u0103t\u0103\u0163irea continu\u0103 a eficacit\u0103\u0163ii acestuia, c\u00e2t \u015fi pentru reducerea \u015fi prevenirea polu\u0103rii mediului.<br \/>\nParticiparea la implementarea \u015fi men\u0163inerea sistemului de management integrat este sarcin\u0103 de serviciu a fiec\u0103rui salariat. R\u0103spunderea pentru calitate \u015fi pentru protec\u0163ia mediului nu este a unui compartiment distinct, este a tuturor \u015fi a fiec\u0103rui angajat in parte.<br \/>\nNu se accept\u0103 abateri fa\u0163\u0103 de politica referitoare la calitate \u015fi mediu sau irosirea de resurse \u00een nici un sector sau activitate a organiza\u0163iei.<\/p>\n<p align=\"center\"><strong>Director General,<br \/>\nSinziana-Florentina KALAMAR<br \/>\n<\/strong><\/p>\n<p><\/p>","protected":false},"excerpt":{"rendered":"<p>Declara\u0163ia Directorului General al S.C. IA\u015eITEX S.A. cu privire la politica integrat\u0103 calitate &#8211; mediu Politica referitoare la calitate \u015fi mediu \u015fi angajamentul organiza\u0163iei noastre are \u00een vedere satisfacerea cerin\u0163elor explicite \u015fi implicite ale clien\u0163ilor, precum \u015fi a cerin\u0163elor legale \u015fi de reglementare. Materializarea acestui angajament este realizat\u0103 prin implementarea, men\u0163inerea \u015fi \u00eembun\u0103t\u0103\u0163irea unui sistem [&hellip;]<\/p>\n","protected":false},"author":7,"featured_media":0,"parent":849,"menu_order":0,"comment_status":"closed","ping_status":"closed","template":"","meta":[],"_links":{"self":[{"href":"https:\/\/www.iasitex.com\/en\/wp-json\/wp\/v2\/pages\/1298"}],"collection":[{"href":"https:\/\/www.iasitex.com\/en\/wp-json\/wp\/v2\/pages"}],"about":[{"href":"https:\/\/www.iasitex.com\/en\/wp-json\/wp\/v2\/types\/page"}],"author":[{"embeddable":true,"href":"https:\/\/www.iasitex.com\/en\/wp-json\/wp\/v2\/users\/7"}],"replies":[{"embeddable":true,"href":"https:\/\/www.iasitex.com\/en\/wp-json\/wp\/v2\/comments?post=1298"}],"version-history":[{"count":20,"href":"https:\/\/www.iasitex.com\/en\/wp-json\/wp\/v2\/pages\/1298\/revisions"}],"predecessor-version":[{"id":2838,"href":"https:\/\/www.iasitex.com\/en\/wp-json\/wp\/v2\/pages\/1298\/revisions\/2838"}],"up":[{"embeddable":true,"href":"https:\/\/www.iasitex.com\/en\/wp-json\/wp\/v2\/pages\/849"}],"wp:attachment":[{"href":"https:\/\/www.iasitex.com\/en\/wp-json\/wp\/v2\/media?parent=1298"}],"curies":[{"name":"wp","href":"https:\/\/api.w.org\/{rel}","templated":true}]}}