{"id":1305,"date":"2015-11-07T14:44:16","date_gmt":"2015-11-07T14:44:16","guid":{"rendered":"http:\/\/www.iasitex.ro\/?page_id=1305"},"modified":"2020-01-31T09:09:53","modified_gmt":"2020-01-31T07:09:53","slug":"english-politica-in-domeniul-calitatii","status":"publish","type":"page","link":"https:\/\/www.iasitex.com\/en\/politica-in-domeniul-calitatii\/english-politica-in-domeniul-calitatii\/","title":{"rendered":"Quality policy"},"content":{"rendered":"<p style=\"text-align: center;\" align=\"center\"><strong>Declara\u0163ia Directorului General al S.C. IA\u015eITEX S.A.<\/strong><strong><br \/>\ncu privire la politica referitoare la s\u0103n\u0103tate \u015fi securitate ocupa\u0163ional\u0103<\/strong><\/p>\n<p style=\"text-align: justify;\">Politica referitoare la s\u0103n\u0103tate \u015fi securitate ocupa\u0163ional\u0103 (OH&amp;S) a organiza\u0163iei noastre este realizarea obiectului de activitate f\u0103r\u0103 a pune \u00een pericol via\u0163a, integritatea corporal\u0103 \u015fi s\u0103n\u0103tatea personalului.<br \/>\nPrincipalele coordonate ale politicii OH&amp;S a organiza\u0163iei noastre sunt:<\/p>\n<ul>\n<li style=\"text-align: justify;\">Respectarea cu stricte\u0163e a legisla\u0163iei, a reglement\u0103rilor OH&amp;S \u015fi a altor cerin\u0163e la care am subscris;<\/li>\n<li style=\"text-align: justify;\">Identificarea pericolului, evaluarea riscului \u015fi controlul riscului de accidentare \u015fi \u00eemboln\u0103vire profesional\u0103;<\/li>\n<li style=\"text-align: justify;\">Prevenirea accidentelor de munc\u0103 \u015fi a \u00eemboln\u0103virilor profesionale prin controlul opera\u0163ional de s\u0103n\u0103tate \u015fi securitate ocupa\u0163ional\u0103;<\/li>\n<li style=\"text-align: justify;\">Integrarea deciziilor economice \u015fi a celor referitoare la s\u0103n\u0103tate \u015fi securitatea ocupa\u0163ional\u0103 \u00eentr-un proces unic;<\/li>\n<li style=\"text-align: justify;\">Evitarea, minimizarea \u015fi solu\u0163ionarea accidentelor \u015fi incidentelor de munc\u0103;<\/li>\n<li style=\"text-align: justify;\">\u00cembun\u0103t\u0103\u0163irea condi\u0163iilor de munc\u0103;<\/li>\n<li style=\"text-align: justify;\">\u00cembun\u0103t\u0103\u0163irea continu\u0103 a performan\u0163ei OH&amp;S \u00een acord cu noile cerin\u0163e ale clien\u0163ilor, autorit\u0103\u0163ilor \u015fi opiniei publice.<\/li>\n<\/ul>\n<p style=\"text-align: justify;\">\u00cemi asum \u00eentreaga r\u0103spundere pentru alocarea resurselor \u015fi pentru func\u0163ionarea \u015fi \u00eembun\u0103t\u0103\u0163irea continu\u0103 a sistemului de management OH&amp;S.\u00a0Politica este disponibil\u0103 p\u0103r\u0163ilor interesate pe internet, este afi\u015fat\u0103 \u00een organiza\u0163ie \u015fi subiect al instruirilor.<br \/>\nParticiparea la men\u0163inerea \u015fi \u00eembun\u0103t\u0103\u0163irea sistemului de management OH&amp;S este sarcina de serviciu a fiec\u0103rui salariat.<\/p>\n<p style=\"text-align: center;\" align=\"center\"><strong>Director General,<br \/>\nSinziana-Florentina KALAMAR<br \/>\n<\/strong><\/p>\n<p style=\"text-align: center;\" align=\"center\"><strong>conform Procedurii P-S-4.2-01 <\/strong><\/p>\n","protected":false},"excerpt":{"rendered":"<p>Declara\u0163ia Directorului General al S.C. IA\u015eITEX S.A. cu privire la politica referitoare la s\u0103n\u0103tate \u015fi securitate ocupa\u0163ional\u0103 Politica referitoare la s\u0103n\u0103tate \u015fi securitate ocupa\u0163ional\u0103 (OH&amp;S) a organiza\u0163iei noastre este realizarea obiectului de activitate f\u0103r\u0103 a pune \u00een pericol via\u0163a, integritatea corporal\u0103 \u015fi s\u0103n\u0103tatea personalului. Principalele coordonate ale politicii OH&amp;S a organiza\u0163iei noastre sunt: Respectarea cu [&hellip;]<\/p>\n","protected":false},"author":7,"featured_media":0,"parent":849,"menu_order":0,"comment_status":"closed","ping_status":"closed","template":"","meta":[],"_links":{"self":[{"href":"https:\/\/www.iasitex.com\/en\/wp-json\/wp\/v2\/pages\/1305"}],"collection":[{"href":"https:\/\/www.iasitex.com\/en\/wp-json\/wp\/v2\/pages"}],"about":[{"href":"https:\/\/www.iasitex.com\/en\/wp-json\/wp\/v2\/types\/page"}],"author":[{"embeddable":true,"href":"https:\/\/www.iasitex.com\/en\/wp-json\/wp\/v2\/users\/7"}],"replies":[{"embeddable":true,"href":"https:\/\/www.iasitex.com\/en\/wp-json\/wp\/v2\/comments?post=1305"}],"version-history":[{"count":26,"href":"https:\/\/www.iasitex.com\/en\/wp-json\/wp\/v2\/pages\/1305\/revisions"}],"predecessor-version":[{"id":2839,"href":"https:\/\/www.iasitex.com\/en\/wp-json\/wp\/v2\/pages\/1305\/revisions\/2839"}],"up":[{"embeddable":true,"href":"https:\/\/www.iasitex.com\/en\/wp-json\/wp\/v2\/pages\/849"}],"wp:attachment":[{"href":"https:\/\/www.iasitex.com\/en\/wp-json\/wp\/v2\/media?parent=1305"}],"curies":[{"name":"wp","href":"https:\/\/api.w.org\/{rel}","templated":true}]}}