{"id":2508,"date":"2018-07-11T09:21:21","date_gmt":"2018-07-11T07:21:21","guid":{"rendered":"https:\/\/www.iasitex.ro\/?page_id=2508"},"modified":"2018-07-13T11:32:25","modified_gmt":"2018-07-13T09:32:25","slug":"english-politica-gdpr","status":"publish","type":"page","link":"https:\/\/www.iasitex.com\/en\/english-politica-gdpr\/","title":{"rendered":"GDPR politics"},"content":{"rendered":"<p style=\"text-align: center;\"><strong>POLITICA DE PRELUCRARE A DATELOR CU CARACTER PERSONAL<\/strong><\/p>\n<p style=\"text-align: justify;\">Protejarea intimit\u0103\u021bii Dvs. la utilizarea paginii noastre web www.iasitex.ro este deosebit de important\u0103 pentru noi. De aceea, \u00een continuare, v\u0103 inform\u0103m \u00een detaliu cu privire la politica de prelucrare a datelor cu caracter personal, precum \u0219i a datelor anonime in lumina prevederilor Regulamentului (UE) 2016\/679 din 27 aprilie 2016 privind protec\u021bia persoanelor fizice \u00een ceea ce prive\u0219te prelucrarea datelor cu caracter personal \u0219i privind libera circula\u021bie a acestor date \u0219i de abrogare a Directivei 95\/46\/CE (&#8220;Regulamentul UE 2016\/679&#8221; sau \u201cGDPR\u201d).<br \/>\nPrezenta politic\u0103 de utilizare a datelor cu caracter personal prezint\u0103 politicile \u0219i procedurile privind informa\u021biile pe care le prelucr\u0103m de la sau despre reprezentan\u021bii clien\u021bilor no\u0219tri si despre clien\u021bii no\u0219tri persoane fizice \u0219i despre utilizarea produselor \u0219i serviciilor noastre.<br \/>\nIASITEX S.A., cu sediul \u00een Ia\u0219i, B-dul Prim\u0103verii nr. 2, jud. Ia\u0219i, Cod de Identificare Fiscal\u0103 RO1957058, \u00een calitate de Operator (denumit \u00een continuare \u201eOperator\u201d) inten\u021bioneaz\u0103 s\u0103 v\u0103 ofere un nivel adecvat de confort \u0219i \u00eencredere \u00een modul \u00een care prelucr\u0103m \u0219i protej\u0103m informa\u021biile pe care le colect\u0103m.<\/p>\n<p style=\"text-align: justify;\"><strong>1. Modalitatea de utilizare a datelor cu caracter personal vizate<\/strong><br \/>\n\u00cen aceast\u0103 sec\u021biune ve\u021bi reg\u0103si informa\u021bii despre:<br \/>\n1. Categoriile de date cu caracter personal pe care le prelucr\u0103m;<br \/>\n2. Sursa din care provin datele cu caracter personal, \u00een cazul \u00een care datele cu caracter personal nu au fost ob\u021binute direct de la persoana vizat\u0103;<br \/>\n3. Scopurile \u00een care sunt prelucrate datele cu caracter personal.<br \/>\nOperatorul prelucreaz\u0103 urm\u0103toarele categorii de date cu caracter personal:<br \/>\na) Numele \u0219i prenumele;<br \/>\nb) Denumirea postului;<br \/>\nc) adresa po\u0219tal\u0103, inclusiv adresa de domiciliu, \u00een cazul \u00een care ne-a\u021bi comunicat-o, adresa profesional\u0103;<br \/>\nd) Num\u0103rul de telefon fix;<br \/>\ne) Num\u0103rul de telefon mobil;<br \/>\nf) Num\u0103rul de fax;<br \/>\ng) Adresa de e-mail;<br \/>\nh) Semn\u0103tura;<br \/>\ni) Informa\u021bii suplimentare prelucrate \u00een contextul unui raport contractual cu Operatorul sau comunicate \u00een mod voluntar de c\u0103tre dumneavoastr\u0103, cum ar: fi instruc\u021biuni acordate, pl\u0103\u021bi efectuate;<br \/>\nj) Detalii ale vizitelor dumneavoastr\u0103 la birourile noastre sau orice alte detalii cu privire la modul \u00een care interac\u021biona\u021bi cu Operatorul;<br \/>\nk) IP-ul computerului de pe care se acceseaz\u0103 pagina web www.iasitex.ro;<br \/>\nPolitica noastr\u0103 de prelucrare a datelor cu caracter personal se aplic\u0103 datelor colectate prin intermediul paginii web si datelor colectate in format fizic.<br \/>\nOperatorul nu \u00ee\u0219i asum\u0103 r\u0103spunderea pentru datele colectate de alte site-uri \/ portaluri accesate de Dvs. concomitent sau prin intermediul link-urilor accesate de pe portalul nostru.<br \/>\nSursele datelor cu caracter personal procesate sunt:<br \/>\na) persoana vizat\u0103<br \/>\nb) societatea \u00een cadrul c\u0103reia persoana vizat\u0103 \u00ee\u0219i desf\u0103\u0219oar\u0103 activitatea sau pe care o reprezint\u0103<br \/>\nc) bazele de date ale autorit\u0103\u021bilor publice (de ex. Ministerul de Finan\u021be, Registrul Comer\u021bului, Ministerul Justi\u021biei etc.).<br \/>\nAceste date cu caracter personal vor fi prelucrate exclusiv \u00een urm\u0103toarele scopuri:<br \/>\n&#8211; \u00een vederea \u00eencheierii \/ \u00eendeplinirii \/ administr\u0103rii contractelor comerciale \u00eencheiate de Operator cu societatea \u00een cadrul c\u0103reia persoana vizat\u0103 \u00ee\u0219i desf\u0103\u0219oar\u0103 activitatea;<br \/>\n&#8211; pentru transmiterea de inform\u0103ri necesare derul\u0103rii rela\u021biilor comerciale;<br \/>\n&#8211; pentru contact\u0103ri in vedere eventualelor livr\u0103ri \u0219i opera\u021biuni necesare in temeiul contractelor comerciale, a ofertelor transmise.<br \/>\nBaza legal\u0103 pentru aceast\u0103 prelucrare este \u00eencheierea contractelor SAU consim\u021b\u0103m\u00e2ntul persoanei vizate SAU interesele legitime ale Operatorului, \u0219i anume (i) (ii) obliga\u021bia contractual\u0103 a Operatorului de a furniza serviciile si bunurile solicitate de persoana vizat\u0103 \/ societatea \u00een care acesta \u00ee\u0219i desf\u0103\u0219oar\u0103 activitatea SAU executarea unui contract \u00eentre persoana vizat\u0103 \/ societatea \u00een care acesta \u00ee\u0219i desf\u0103\u0219oar\u0103 activitatea \u0219i Operator \u0219i\/sau luarea de m\u0103suri, la cererea persoanei vizate, pentru a \u00eencheia un astfel de contract.<\/p>\n<p style=\"text-align: justify;\"><strong>2. Transferul de date cu caracter personal<\/strong><br \/>\nDatele persoanelor vizate nu vor fi transferate \u00een alte state.<br \/>\n\u00cen afara celor de mai sus, datele nu vor fi transmise c\u0103tre al\u021bi ter\u021bi (precum baze de date de marketing sau companii de marketing direct).<br \/>\n\u00cen plus fa\u021b\u0103 de dezv\u0103luirile men\u021bionate mai sus, putem divulga c\u0103tre autorit\u0103\u021bi datele Dvs. personale \u00een cazul \u00een care aceast\u0103 divulgare este necesar\u0103 pentru respectarea unei obliga\u021bii legale la care suntem supu\u0219i sau pentru a v\u0103 proteja interesele vitale sau interesele vitale ale altei persoane fizice. De asemenea, putem divulga datele Dvs. personale \u00een cazul \u00een care aceast\u0103 divulgare este necesar\u0103 pentru stabilirea, exercitarea sau ap\u0103rarea revendic\u0103rilor legale, fie \u00een cadrul procedurilor judiciare, fie \u00een cadrul unei proceduri administrative sau extrajudiciare.<br \/>\nFacilit\u0103\u021bile de g\u0103zduire pentru website-ul nostru sunt situate \u00een Rom\u00e2nia.<\/p>\n<p style=\"text-align: justify;\"><strong>3. Reten\u021bia datelor cu caracter personal<\/strong><br \/>\nVom p\u0103stra datele Dvs. cu caracter personal at\u00e2t c\u00e2t va fi necesar, pentru realizarea scopurilor de prelucrare men\u021bionate la punctul 1 de mai sus si pentru asigurarea drepturilor legale ale Operatorului, doar dac\u0103 o perioad\u0103 mai lung\u0103 de timp nu este solicitat\u0103 prin lege.<br \/>\nF\u0103r\u0103 a aduce atingere celorlalte dispozi\u021bii din aceast\u0103 sec\u021biune, putem s\u0103 v\u0103 p\u0103str\u0103m datele Dvs. cu caracter personal atunci c\u00e2nd stocarea este necesar\u0103 pentru respectarea unei obliga\u021bii legale la care suntem supu\u0219i sau pentru a v\u0103 proteja interesele vitale sau interesele vitale ale unei alte persoane fizice.<br \/>\nDup\u0103 \u00eencetarea opera\u021biunilor de prelucrare, datele Dvs. cu caracter personal vor fi distruse prin procedee care nu permit reconstituirea acestora sau vor fi anonimizate.<\/p>\n<p style=\"text-align: justify;\"><strong>4. Amendamente<\/strong><br \/>\nUrmare a modific\u0103rilor legislative sau a intervenirii unor situa\u021bii noi din punct de vedere opera\u021bional, este posibil s\u0103 actualiz\u0103m periodic aceast\u0103 politic\u0103, public\u00e2nd o nou\u0103 versiune pe website-ul nostru, astfel \u00eenc\u00e2t politica de prelucrare a datelor cu caracter personal s\u0103 fie aliniat\u0103 cerin\u021belor legale.<br \/>\nV\u0103 vom notifica modific\u0103rile aduse acestei politici prin e-mail sau prin celelalte cai de comunicare stabilite. \u00cen acela\u0219i timp, v\u0103 recomand\u0103m s\u0103 verifica\u021bi ocazional aceast\u0103 pagin\u0103, pentru a v\u0103 asigura c\u0103 a\u021bi luat cuno\u0219tin\u021b\u0103 de ultima versiune a politicii de prelucrare a datelor cu caracter personal.<\/p>\n<p style=\"text-align: justify;\"><strong>5. Drepturile Dvs<\/strong>.<br \/>\n\u00cen aceast\u0103 sec\u021biune am rezumat drepturile pe care le ave\u021bi \u00een temeiul legisla\u021biei privind protec\u021bia datelor cu caracter personal. Unele drepturi sunt complexe \u0219i nu toate detaliile au fost incluse \u00een rezumatele noastre. \u00cen consecin\u021b\u0103, v\u0103 recomand\u0103m s\u0103 citi\u021bi legile \u0219i \u00eendrum\u0103rile relevante din partea autorit\u0103\u021bii de reglementare pentru o explica\u021bie complet\u0103 a acestor drepturi.<br \/>\nPrincipalele Dvs. drepturi \u00een temeiul legii privind protec\u021bia datelor cu caracter personal sunt:<br \/>\na) <strong>Dreptul de acces<\/strong> \u2013 dreptul de a ob\u021bine din partea Operatorului o confirmare c\u0103 se prelucreaz\u0103 sau nu date cu caracter personal care v\u0103 privesc \u0219i, \u00een caz afirmativ, acces la datele respective, \u00eempreun\u0103 cu anumite informa\u021bii suplimentare. Aceste informa\u021bii suplimentare includ detalii privind scopul prelucr\u0103rii, categoriile de date cu caracter personal \u00een cauz\u0103 \u0219i destinatarii datelor cu caracter personal. Dac\u0103 drepturile \u0219i libert\u0103\u021bile celorlal\u021bi nu sunt afectate, v\u0103 vom furniza o copie a datelor Dvs. personale. Prima copie va fi furnizat\u0103 gratuit, dar copiile suplimentare pot fi supuse unei taxe rezonabile, bazat\u0103 pe costurile administrative.<br \/>\nb) <strong>Dreptul la rectificare<\/strong> \u2013 dreptul de a ob\u021bine de la Operator, f\u0103r\u0103 \u00eent\u00e2rzieri nejustificate, rectificarea datelor cu caracter personal inexacte care v\u0103 privesc.<br \/>\nc) <strong>Dreptul la \u0219tergerea datelor (\u201cdreptul de a fi uitat\u201d)<\/strong> \u2013 dreptul de a ob\u021bine din partea Operatorului \u0219tergerea datelor cu caracter personal care v\u0103 privesc, f\u0103r\u0103 \u00eent\u00e2rzieri nejustificate, iar Operatorul are obliga\u021bia de a \u0219terge datele cu caracter personal f\u0103r\u0103 \u00eent\u00e2rzieri nejustificate \u00een cazurile expres prev\u0103zute de legisla\u021bia privind protec\u021bia datelor cu caracter personal. Aceste circumstan\u021be includ:<br \/>\n1) datele cu caracter personal nu mai sunt necesare \u00een raport cu scopurile pentru care au fost colectate sau prelucrate \u00een alt mod;<br \/>\n2) v\u0103 retrage\u021bi consim\u021b\u0103m\u00e2ntul pentru prelucrarea bazat\u0103 pe consim\u021b\u0103m\u00e2nt;<br \/>\n3) v\u0103 opune\u021bi prelucr\u0103rii \u00een conformitate cu anumite norme din legisla\u021bia aplicabil\u0103 privind protec\u021bia datelor;<br \/>\n4) prelucrarea este \u00een scopuri de marketing direct;<br \/>\n5) datele cu caracter personal au fost procesate ilegal.<br \/>\nCu toate acestea, exist\u0103 excluderi ale dreptului de \u0219tergere, \u00een m\u0103sura \u00een care prelucrarea este necesar\u0103:<br \/>\n1) pentru exercitarea dreptului la libertatea de exprimare \u0219i la informare;<br \/>\n2) pentru respectarea unei obliga\u021bii legale; sau<br \/>\n3) pentru stabilirea, exercitarea sau ap\u0103rarea unor preten\u021bii legale.<br \/>\nd) <strong>Dreptul de a ob\u021bine restric\u021bionarea prelucr\u0103rii<\/strong> \u2013 dreptul de a ob\u021bine din partea Operatorului restric\u021bionarea prelucr\u0103rii \u00een cazurile expres prev\u0103zute de legisla\u021bia privind protec\u021bia datelor cu caracter personal. Aceste circumstan\u021be includ:<br \/>\n1) contesta\u021bi acurate\u021bea datelor cu caracter personal;<br \/>\n2) prelucrarea este ilegal\u0103, dar v\u0103 opune\u021bi \u0219tergerii;<br \/>\n3) nu mai avem nevoie de datele cu caracter personal \u00een scopul prelucr\u0103rii, dar ave\u021bi nevoie de date personale pentru stabilirea, exercitarea sau ap\u0103rarea revendic\u0103rilor legale;<br \/>\n4) v-a\u021bi opus proces\u0103rii.<br \/>\n\u00cen cazul \u00een care prelucrarea a fost restric\u021bionat\u0103 pe aceast\u0103 baz\u0103, astfel de date cu caracter personal pot, cu excep\u021bia stoc\u0103rii, s\u0103 fie prelucrate numai cu consim\u021b\u0103m\u00e2ntul Dvs. sau pentru constatarea, exercitarea sau ap\u0103rarea unui drept \u00een instan\u021b\u0103 sau pentru protec\u021bia drepturilor unei alte persoane fizice sau juridice sau din motive de interes public important al Uniunii sau al unui stat membru.<br \/>\ne) <strong>Dreptul la opozi\u021bie<\/strong> \u2013 dreptul de a v\u0103 opune prelucr\u0103rii, din motive legate de situa\u021bia particular\u0103 \u00een care v\u0103 afla\u021bi, \u00een temeiul legisla\u021biei privind protec\u021bia datelor cu caracter personal, inclusiv cre\u0103rii de profiluri.<br \/>\nAve\u021bi dreptul s\u0103 v\u0103 opune\u021bi prelucr\u0103rii datelor Dvs. personale \u00een scopuri de marketing direct (inclusiv profilarea \u00een scopuri de marketing direct). Dac\u0103 face\u021bi o astfel de obiec\u021bie, vom \u00eenceta s\u0103 prelucr\u0103m datele dvs. personale \u00een acest scop.<br \/>\nf) <strong>Dreptul la portabilitate<\/strong> \u2013 dreptul de a primi datele cu caracter personal care v\u0103 privesc \u015fi pe care le-a\u021bi furnizat Operatorului \u00eentr-un format structurat \u015fi ave\u021bi dreptul de a transmite aceste date altui operator, \u00een condi\u021biile expres prev\u0103zute de legisla\u021bia privind protec\u021bia datelor cu caracter personal;<br \/>\nPute\u021bi ob\u021bine o copie a informa\u021biilor stocate, \u00een vederea portarii acestora, adres\u00e2nd o solicitare prin e-mail c\u0103tre adresa de mai jos.<br \/>\ng) <strong>Dreptul de a depune pl\u00e2ngere c\u0103tre Operator<\/strong>, \u00een fa\u0163a autorit\u0103\u021bii de supraveghere si in fata justi\u021biei \u0219i<br \/>\nh) <strong>Dreptul de a v\u0103 retrage consim\u021b\u0103m\u00e2ntul<\/strong>.<br \/>\nV\u0103 pute\u021bi exercita oricare dintre drepturile \u00een leg\u0103tur\u0103 cu datele Dvs. personale prin oricare din urm\u0103toarele modalit\u0103\u021bi: transmiterea unei notific\u0103ri scrise, \u00een format fizic adresat\u0103 c\u0103tre noi folosind datele publicate pe site la sec\u021biunea CONTACT.<\/p>\n<p style=\"text-align: justify;\"><strong>6. Actualizarea datelor dumneavoastr\u0103 cu caracter personal<\/strong><br \/>\n\u00cen cazul \u00een care oricare dintre datele cu caracter personal pe care ni le-a\u021bi furnizat sufer\u0103 modific\u0103ri, spre exemplu dac\u0103 v\u0103 schimba\u021bi prenumele, numele sau adresa de e-mail sau dac\u0103 dori\u021bi s\u0103 anula\u021bi orice fel de cerere adresat\u0103 nou\u0103, sau dac\u0103 lua\u021bi cuno\u0219tin\u021b\u0103 de faptul c\u0103 de\u021binem orice date cu caracter personal incorecte cu privire la dumneavoastr\u0103, v\u0103 rug\u0103m s\u0103 ne contacta\u021bi prin e-mail la: dcp@iasitex.ro.<br \/>\nNu vom fi r\u0103spunz\u0103tori pentru nicio pierdere decurg\u00e2nd din date cu caracter personal incorecte, neautentice, insuficiente sau incomplete pe care ni le furniza\u021bi.<\/p>\n<p style=\"text-align: justify;\"><strong>7. Securitatea datelor<\/strong><br \/>\na) Identificarea \u0219i autentificarea. Operatorul \u00ee\u0219i desf\u0103\u0219oar\u0103 activitatea \u00een conformitate cu cerin\u021bele legale. Accesul la datele cu caracter personal este permis doar personalului autorizat, fiind acordat printr-o persoan\u0103 desemnat\u0103 special \u00een acest scop, care ac\u021bioneaz\u0103 numai \u00een temeiul instruc\u021biunilor primite de la Operator.<br \/>\nb) Persoanele \u00eemputernicite au acces la datele cu caracter personal \u00een baza parolelor. Sunt implementate m\u0103suri de administrare a parolelor \u0219i m\u0103suri de control, inclusiv prin lungimea minim\u0103 a parolei, precum \u0219i obliga\u021bia de a schimba periodic parolele \u0219i de a nu refolosi vechile parole. Toate parolele sunt tratate ca informa\u021bii sensibile \u0219i confiden\u021biale.<br \/>\nc) Colectarea datelor. Datele cu caracter personal sunt colectate \u0219i introduse \u00een baza de date prin persoane special desemnate \u00een acest sens.<br \/>\nd) Accesul \u00een cl\u0103dire \u0219i computerele. Cl\u0103direa este p\u0103zit\u0103 de personal calificat \u0219i supravegheat\u0103 video. Folosirea computerelor este supus\u0103 autentific\u0103rii \u00een baza parolelor folosite.<br \/>\ng) Politica de securitate a prelucr\u0103rii datelor cu caracter personal include urm\u0103toarele:<br \/>\n1) Toate echipamentele \u0219i resursele electronice sunt protejate \u00een mod corespunz\u0103tor. Accesul la acestea este permis doar persoanelor autorizate.<br \/>\n2) Personalul autorizat a fost instruit s\u0103 nu lase computerele nesupravegheate at\u00e2ta timp c\u00e2t sunt \u00een func\u021biune \u0219i conectate la o anumit\u0103 aplica\u021bie. Operatorul a implementat solu\u021bii \u0219i dispozitive de supraveghere a accesului la computer, cum ar fi protec\u021bia parolat\u0103.<br \/>\nNoi \u00eencerc\u0103m s\u0103 ne asigur\u0103m c\u0103 incidentele de securitate a datelor se detecteaz\u0103 \u00eentr-un stadiu timpuriu \u0219i vi se raporteaz\u0103 imediat dumneavoastr\u0103 sau autorit\u0103\u021bii de supraveghere competente, incluz\u00e2nd categoriile respective de date.<\/p>\n<p style=\"text-align: justify;\"><strong>8. Protec\u021bia informa\u021biilor personale ale minorilor<\/strong><br \/>\nPagina web www.iasitex.ro este un website de audien\u021b\u0103 general\u0103 \u0219i nu colecteaz\u0103 date personale de la minori. Politica noastr\u0103 nu este aceea de a colecta sau p\u0103stra \u00een mod inten\u021bionat datele referitoare la persoanele minore.<\/p>\n<p style=\"text-align: justify;\"><strong>9. Module Cookies<\/strong><br \/>\nModulele cookie sunt mici fi\u0219iere de text stocate \u00een browser-ul utilizatorului pentru a str\u00e2nge date per ansamblu.<br \/>\nPentru a ne asigura c\u0103 site-ul nostru func\u021bioneaz\u0103 corespunz\u0103tor \u0219i pentru a facilita navigarea pe site, noi putem folosi cookies func\u021bionale &#8211; Session cookies care sunt stoca\u021bi \u00een memoria temporar\u0103 \u0219i care se \u0219terg automat atunci c\u00e2nd \u00eenchide\u021bi browser-ul dumneavoastr\u0103.<br \/>\nCu excep\u021bia IP-ului, cookie-urile utilizate de Operator nu colecteaz\u0103 informa\u021bii cu caracter personal, cum ar fi numele Dvs. sau adresa de e-mail. \u00cen plus, cele mai multe browser-e permit utilizatorilor s\u0103 resping\u0103 cookies. Totu\u0219i, \u00een anumite situa\u021bii, vizitatorilor li se poate refuza accesul la anumite sec\u021biuni ale site-ului nostru, \u00een cazul \u00een care browser-ele lor sunt setate s\u0103 resping\u0103 cookies.<\/p>\n<p style=\"text-align: justify;\"><strong>10. Date de contact<\/strong><br \/>\nNe pute\u021bi contacta prin oricare din urm\u0103toarele modalit\u0103\u021bi:<br \/>\n1) prin po\u0219t\u0103, la adresa po\u0219tal\u0103 \u201eS.C. IASITEX S.A., Ia\u0219i, b-dul Prim\u0103verii nr. 2, cod 700189\u201d;<br \/>\n2) prin telefon, la 0232.436.760<br \/>\n3) la adresa de e-mail office@iasitex.ro<br \/>\nPute\u021bi contacta Responsabilul cu Protec\u021bia Datelor cu Caracter Personal al Operatorului la urm\u0103toarele coordonate:<br \/>\n1) prin telefon, la 0771.654.105<br \/>\n2) la adresa de e-mail dcp@iasitex.ro<\/p>\n<p style=\"text-align: justify;\">Cu stima,<br \/>\nEchipa IASITEX S.A.<\/p>\n","protected":false},"excerpt":{"rendered":"<p>POLITICA DE PRELUCRARE A DATELOR CU CARACTER PERSONAL Protejarea intimit\u0103\u021bii Dvs. la utilizarea paginii noastre web www.iasitex.ro este deosebit de important\u0103 pentru noi. De aceea, \u00een continuare, v\u0103 inform\u0103m \u00een detaliu cu privire la politica de prelucrare a datelor cu caracter personal, precum \u0219i a datelor anonime in lumina prevederilor Regulamentului (UE) 2016\/679 din 27 [&hellip;]<\/p>\n","protected":false},"author":7,"featured_media":0,"parent":0,"menu_order":0,"comment_status":"closed","ping_status":"closed","template":"","meta":[],"_links":{"self":[{"href":"https:\/\/www.iasitex.com\/en\/wp-json\/wp\/v2\/pages\/2508"}],"collection":[{"href":"https:\/\/www.iasitex.com\/en\/wp-json\/wp\/v2\/pages"}],"about":[{"href":"https:\/\/www.iasitex.com\/en\/wp-json\/wp\/v2\/types\/page"}],"author":[{"embeddable":true,"href":"https:\/\/www.iasitex.com\/en\/wp-json\/wp\/v2\/users\/7"}],"replies":[{"embeddable":true,"href":"https:\/\/www.iasitex.com\/en\/wp-json\/wp\/v2\/comments?post=2508"}],"version-history":[{"count":6,"href":"https:\/\/www.iasitex.com\/en\/wp-json\/wp\/v2\/pages\/2508\/revisions"}],"predecessor-version":[{"id":2516,"href":"https:\/\/www.iasitex.com\/en\/wp-json\/wp\/v2\/pages\/2508\/revisions\/2516"}],"wp:attachment":[{"href":"https:\/\/www.iasitex.com\/en\/wp-json\/wp\/v2\/media?parent=2508"}],"curies":[{"name":"wp","href":"https:\/\/api.w.org\/{rel}","templated":true}]}}