{"id":6,"date":"2014-11-04T14:33:49","date_gmt":"2014-11-04T14:33:49","guid":{"rendered":"http:\/\/www.iasitex.ro\/?page_id=6"},"modified":"2019-05-24T13:18:49","modified_gmt":"2019-05-24T11:18:49","slug":"despre-noi","status":"publish","type":"page","link":"https:\/\/www.iasitex.com\/en\/despre-noi\/","title":{"rendered":"About us"},"content":{"rendered":"<p><\/p>\n<p style=\"text-align: justify;\"><strong><a href=\"https:\/\/www.iasitex.ro\/wp-content\/uploads\/2016\/06\/Iasitex-magazin-de-prezentare.jpg\" rel=\"attachment wp-att-1570\"><img loading=\"lazy\" class=\"alignright size-medium wp-image-1570\" src=\"https:\/\/www.iasitex.ro\/wp-content\/uploads\/2016\/06\/Iasitex-magazin-de-prezentare-199x300.jpg\" alt=\"Iasitex magazin de prezentare\" width=\"199\" height=\"300\" srcset=\"https:\/\/www.iasitex.com\/wp-content\/uploads\/2016\/06\/Iasitex-magazin-de-prezentare-199x300.jpg 199w, https:\/\/www.iasitex.com\/wp-content\/uploads\/2016\/06\/Iasitex-magazin-de-prezentare-768x1156.jpg 768w, https:\/\/www.iasitex.com\/wp-content\/uploads\/2016\/06\/Iasitex-magazin-de-prezentare-680x1024.jpg 680w, https:\/\/www.iasitex.com\/wp-content\/uploads\/2016\/06\/Iasitex-magazin-de-prezentare.jpg 2000w\" sizes=\"(max-width: 199px) 100vw, 199px\" \/><\/a><\/strong><\/p>\n<p style=\"text-align: justify;\"><strong>Part of the the most important Romanian industrial group, Grup SCR, S.C. IA\u015eITEX S.A. is one of the most representative textile Romanian companies.<\/strong><\/p>\n<p style=\"text-align: justify;\">Our experience and tradition, over 100 years, in textile industry guarantees our clients seriousness and competence in commercial relations, both our classical and the new products being of real success during time in more than 20 countries all over the world.<\/p>\n<p style=\"text-align: justify;\">S.C. IA\u015eITEX S.A. is specialized in making and selling of fabrics and textile confections. Most of them are of natural composition, 100% cotton, but we also make a fabric assortment of cotton mixed with synthetic fibers for the most diverse range of destinations.<\/p>\n<h2 style=\"text-align: justify;\"><strong>Short history<\/strong><\/h2>\n<p style=\"text-align: justify;\">Established in 1910, the very first name of our company was \u201d\u0162es\u0103tura\u201d (The Fabric company) until 1948 when the communist regime nationalized it. During the communist regime the company activated under the name \u201d\u00centreprinderea de Stat \u0162es\u0103tura Ia\u015fi\u201d until 1990, when the company went public, accordind to the new Law. The current name is S.C. IASITEX S.A.<\/p>\n<p style=\"text-align: justify;\"><a href=\"http:\/\/www.iasitex.ro\/wp-content\/uploads\/2016\/06\/plachete-Iasitex.jpg\" rel=\"attachment wp-att-1573\"><img loading=\"lazy\" class=\"alignright size-medium wp-image-1573\" src=\"http:\/\/www.iasitex.ro\/wp-content\/uploads\/2016\/06\/plachete-Iasitex-300x199.jpg\" alt=\"plachete Iasitex\" width=\"300\" height=\"199\" srcset=\"https:\/\/www.iasitex.com\/wp-content\/uploads\/2016\/06\/plachete-Iasitex-300x199.jpg 300w, https:\/\/www.iasitex.com\/wp-content\/uploads\/2016\/06\/plachete-Iasitex-768x510.jpg 768w, https:\/\/www.iasitex.com\/wp-content\/uploads\/2016\/06\/plachete-Iasitex-1024x680.jpg 1024w\" sizes=\"(max-width: 300px) 100vw, 300px\" \/><\/a>In 2003 <strong>Grup SCR<\/strong>, the most important Romanian industrial group of companies, presided by Mr. \u015etefan Vuza (PhD in Economy and Lawyer), became the majority shareholder by buying out the state-owned shares. From that moment on S.C. IASITEX S.A. began writing its modern history, being a serious and competent partner, resisting to all challenges brought up by the new economic environment, the capitalistic market, and permanently adapting to the political and financial permanent provocations.<\/p>\n<p style=\"text-align: justify;\">The continuous investments in our personnel and technology, the implementation of the European integrated management systems are the endorsements to the quality of our products in more than 20 countries all around the world.<\/p>\n<p><\/p>","protected":false},"excerpt":{"rendered":"<p>Part of the the most important Romanian industrial group, Grup SCR, S.C. IA\u015eITEX S.A. is one of the most representative textile Romanian companies. Our experience and tradition, over 100 years, in textile industry guarantees our clients seriousness and competence in commercial relations, both our classical and the new products being of real success during time [&hellip;]<\/p>\n","protected":false},"author":1,"featured_media":0,"parent":0,"menu_order":0,"comment_status":"open","ping_status":"open","template":"","meta":[],"_links":{"self":[{"href":"https:\/\/www.iasitex.com\/en\/wp-json\/wp\/v2\/pages\/6"}],"collection":[{"href":"https:\/\/www.iasitex.com\/en\/wp-json\/wp\/v2\/pages"}],"about":[{"href":"https:\/\/www.iasitex.com\/en\/wp-json\/wp\/v2\/types\/page"}],"author":[{"embeddable":true,"href":"https:\/\/www.iasitex.com\/en\/wp-json\/wp\/v2\/users\/1"}],"replies":[{"embeddable":true,"href":"https:\/\/www.iasitex.com\/en\/wp-json\/wp\/v2\/comments?post=6"}],"version-history":[{"count":50,"href":"https:\/\/www.iasitex.com\/en\/wp-json\/wp\/v2\/pages\/6\/revisions"}],"predecessor-version":[{"id":2799,"href":"https:\/\/www.iasitex.com\/en\/wp-json\/wp\/v2\/pages\/6\/revisions\/2799"}],"wp:attachment":[{"href":"https:\/\/www.iasitex.com\/en\/wp-json\/wp\/v2\/media?parent=6"}],"curies":[{"name":"wp","href":"https:\/\/api.w.org\/{rel}","templated":true}]}}