{"id":713,"date":"2015-08-26T10:56:42","date_gmt":"2015-08-26T10:56:42","guid":{"rendered":"http:\/\/www.iasitex.ro\/?page_id=713"},"modified":"2022-09-12T11:22:48","modified_gmt":"2022-09-12T09:22:48","slug":"documente-aga","status":"publish","type":"page","link":"https:\/\/www.iasitex.com\/en\/documente-aga\/","title":{"rendered":"AGA\/CA"},"content":{"rendered":"<p><strong><a href=\"https:\/\/www.iasitex.ro\/wp-content\/uploads\/2022\/04\/Raport-anul-2021-Iasitex-SA.pdf\">Raport anul 2021 Iasitex SA<\/a><\/strong><\/p>\n<p><a href=\"https:\/\/www.iasitex.ro\/wp-content\/uploads\/2022\/04\/Hotarare-AGOA-27.04.2022.pdf\"><strong>Hot\u0103r\u00e2re AGOA 27.04.2022<\/strong><\/a><\/p>\n<p><strong><a href=\"https:\/\/www.iasitex.ro\/wp-content\/uploads\/2022\/04\/AGOA-din-27042022.zip\">Adunarea General\u0103 Ordinar\u0103 a Ac\u021bionarilor din 27.04.2022<\/a><\/strong><\/p>\n<p><a href=\"https:\/\/www.iasitex.ro\/wp-content\/uploads\/2022\/03\/IASX-Raport-curent-BVB_hot-AGOA-Iasitex-SA-26.07.2021.pdf\"><strong>Hot\u0103r\u00e2ri AGOA 26.07.2021<\/strong><\/a><\/p>\n<p><strong><a href=\"https:\/\/www.iasitex.ro\/wp-content\/uploads\/2021\/07\/AGOA-din-26072021.zip\">Adunarea General\u0103 Ordinar\u0103 a Ac\u021bionarilor din 26.07.2021<\/a><\/strong><\/p>\n<p><a href=\"https:\/\/www.iasitex.ro\/wp-content\/uploads\/2021\/04\/AGOA-din-30042021.zip\"><strong>Adunarea General\u0103 Ordinar\u0103 a Ac\u021bionarilor din 30.04.2021<\/strong><\/a><\/p>\n<p><strong><a href=\"https:\/\/www.iasitex.ro\/wp-content\/uploads\/2021\/01\/AGEA-din-09022021.zip\">Adunarea Generala Extraordinar\u0103 a Ac\u021bionarilor din 09.02.2021<\/a><\/strong><\/p>\n<p><a href=\"https:\/\/www.iasitex.ro\/wp-content\/uploads\/2021\/01\/AGOA-din-08022021.zip\"><strong>Adunarea Generala Ordinar\u0103 a Ac\u021bionarilor din 08.02.2021 &#8211; completare<\/strong><\/a><\/p>\n<p><strong><a href=\"https:\/\/www.iasitex.ro\/wp-content\/uploads\/2020\/12\/AGOA din 08022021.zip\" data-wplink-url-error=\"true\">Adunarea General\u0103 Ordinar\u0103 a Ac\u021bionarilor din 08.02.2021<\/a><\/strong><\/p>\n<p><strong><a href=\"https:\/\/www.iasitex.ro\/wp-content\/uploads\/2020\/07\/IASX-Hotarari-AGOA-29.04.2020.pdf\">Hot\u0103r\u00e2ri AGOA 29.04.2020 (AGA bilan\u0163 2019, alegere auditor financiar)<\/a><\/strong><\/p>\n<p><a href=\"https:\/\/www.iasitex.ro\/wp-content\/uploads\/2020\/04\/IASX-Raport-curent-hotarari-AGEA-13.04.2020.pdf\"><strong>Hot\u0103r\u00e2ri AGEA 13.04.2020 (aprobare schimbare sediu social, radiere punct de lucru, actualizare act constitutiv societate)<\/strong><\/a><\/p>\n<p><strong><a href=\"https:\/\/www.iasitex.ro\/wp-content\/uploads\/2020\/04\/AGOA_28042020.zip\">Adunarea General\u0103 Ordinar\u0103 a Ac\u021bionarilor din 28.04.2020<\/a><\/strong><\/p>\n<p><strong><a href=\"https:\/\/www.iasitex.ro\/wp-content\/uploads\/2020\/03\/AGOA-din-13042020.zip\">Adunarea General\u0103 Ordinar\u0103 a Ac\u021bionarilor din 13.04.2020<\/a><\/strong><\/p>\n<p><strong><a href=\"https:\/\/www.iasitex.ro\/wp-content\/uploads\/2020\/03\/AGEA-din-13042020.zip\">Adunarea General\u0103 Extraordinar\u0103 a Ac\u021bionarilor din 13.04.2020<\/a><\/strong><\/p>\n<p><strong><a href=\"https:\/\/www.iasitex.ro\/wp-content\/uploads\/2019\/05\/Comunicat-referitor-publicare-Raport-anual-ASF-2018.pdf\">Informare referitoare la disponibilitate Raport anual ASF 2018<\/a><\/strong><\/p>\n<p><a href=\"https:\/\/www.iasitex.ro\/wp-content\/uploads\/2019\/04\/AGOA-din-25.04.2019-completari-si-corectii.zip\"><strong>Adunarea General\u0103 Ordinar\u0103 a Ac\u021bionarilor din 25.04.2019<\/strong> &#8211; <span style=\"text-decoration: underline;\">complet\u0103ri <span style=\"color: #0f80df;\">\u0219<\/span>i corec\u021bii<\/span><\/a><\/p>\n<p><strong><a href=\"https:\/\/www.iasitex.ro\/wp-content\/uploads\/2019\/03\/AGOA-din-25.04.2019.zip\"><span style=\"color: #0066cc;\">Adunarea General\u0103 Ordinar\u0103 a Ac\u021b<\/span><\/a><a href=\"https:\/\/www.iasitex.ro\/wp-content\/uploads\/2019\/03\/AGOA-din-25.04.2019.zip\"><span style=\"color: #0066cc;\">ionarilor din 25.04.2019<\/span><\/a><\/strong><\/p>\n<p><strong><a href=\"https:\/\/www.iasitex.ro\/wp-content\/uploads\/2018\/10\/Hotararea-nr.-5-a-AGEA-din-09.10.2018.pdf\"><span style=\"color: #0066cc;\">Hot\u0103r\u00e2rea nr. 5 a Adun\u0103rii Generale Extraordinare a Ac\u021bionarilor din 09.10.2018<\/span><\/a><\/strong><\/p>\n<p><strong><a href=\"https:\/\/www.iasitex.ro\/wp-content\/uploads\/2018\/10\/Lista-propuneri-membru-CA.zip\"><span style=\"color: #0066cc;\">Lista cu propuneri pentru func\u021bia de administrator\/pre\u0219edinte al S.C. IASITEX S.A. din partea S.C. C.R.C. IMPEX CHEMICALS S.R.L. Ploie\u0219ti<\/span><\/a>&nbsp;(pentru AGOA din 11.10.2018)<\/strong><\/p>\n<p><a href=\"https:\/\/www.iasitex.ro\/wp-content\/uploads\/2018\/09\/Hotararea-nr.-4-a-AGEA-din-26.09.2018.pdf\"><strong><span style=\"color: #0066cc;\">Hot\u0103r\u00e2rea nr. 4 a Adun\u0103rii Generale Extraordinare a Ac\u021bionarilor din 26.09.2018<\/span><\/strong><\/a><\/p>\n<p><strong><a href=\"https:\/\/www.iasitex.ro\/wp-content\/uploads\/2018\/09\/AGEA-din-26.09.2018-completare-cu-solicitare-CRC-IMPEX-CHEMICALS-SRL.zip\"><span style=\"color: #0066cc;\">Adunarea General\u0103 Extraordinar\u0103 a Ac\u021bionarilor din 26.09.2018 &#8211; completare cu solicitarea CRC IMPEX CHEMICALS SRL<\/span><\/a>&nbsp;&nbsp;<\/strong><\/p>\n<p><a href=\"https:\/\/www.iasitex.ro\/wp-content\/uploads\/2018\/10\/AGOA-din-11.10.2018-Convocator-corectat.zip\"><strong><span style=\"color: #0066cc;\">Adunarea General\u0103 Ordinar\u0103 a Ac\u021bionarilor din 11.10.2018 &#8211; <em>Convocator corectat<\/em><\/span><\/strong><\/a><\/p>\n<p><strong><a href=\"https:\/\/www.iasitex.ro\/wp-content\/uploads\/2018\/09\/AGOA-din-11.10.2018.zip\"><span style=\"color: #0066cc;\">Adunarea General\u0103 Ordinar\u0103 a Ac\u021bionarilor din 11.10.2018<\/span><\/a><\/strong><\/p>\n<p><strong><a href=\"https:\/\/www.iasitex.ro\/wp-content\/uploads\/2018\/09\/AGEA-din-09.10.2018.zip\">Adunarea General\u0103 Extraordinar\u0103 a Ac\u021bionarilor din 09.10.2018<\/a>&nbsp;<\/strong><\/p>\n<p><strong><span style=\"color: #0066cc;\"><a href=\"https:\/\/www.iasitex.ro\/wp-content\/uploads\/2018\/08\/AGEA-din-26.09.2018-3.zip\"><span style=\"color: #0066cc;\">Adunarea General\u0103 Extraordinar\u0103 a Ac\u021bionarilor din 26.09.2018<\/span><\/a><\/span><\/strong><\/p>\n<p><strong><a href=\"https:\/\/www.iasitex.ro\/wp-content\/uploads\/2018\/08\/Hotararea-nr.-3-a-AGOA-din-20.08.2018.pdf\">Hotararea nr. 3 a Adunarii Generale Ordinare a Actionarilor din 20.08.2018<\/a><\/strong><\/p>\n<p><strong><a href=\"https:\/\/www.iasitex.ro\/wp-content\/uploads\/2018\/08\/Lista-cu-propuneri-administrator-din-partea-CRC-IMPEX-CHEMICALS-SRL-Ploiesti.zip\" target=\"_blank\" rel=\"noopener noreferrer\"><span style=\"color: #0066cc;\">Lista cu propuneri pentru functia de administrator al S.C. IASITEX S.A. din partea S.C. C.R.C. IMPEX CHEMICALS S.R.L. (fosta S.C. A2 IMPEX S.R.L.) Ploiesti<\/span><\/a><\/strong><\/p>\n<p><strong><a href=\"https:\/\/www.iasitex.ro\/wp-content\/uploads\/2018\/07\/AGOA-din-20082018.zip\"><span style=\"color: #0066cc;\">Adunarea Generala Ordinara a Actionarilor din 20.08.2018<\/span><\/a>&nbsp;<\/strong><\/p>\n<p><a href=\"https:\/\/www.iasitex.ro\/wp-content\/uploads\/2018\/04\/Hotararea-nr.-2-a-AGOA-din-26.04.2018.pdf\"><strong><span style=\"color: #0066cc;\">Hotararea nr. 2 a Adunarii Generale Ordinare a Actionarilor din 26.04.2018<\/span><\/strong><\/a><\/p>\n<p><a href=\"https:\/\/www.iasitex.ro\/wp-content\/uploads\/2018\/04\/AGOA-din-26.04.2018-completare-solicitare-SIF-II-Moldova.zip\"><strong><span style=\"color: #0066cc;\">Adunarea Generala Ordinara a Actionarilor din 26.04.2018 completare solicitare SIF II Moldova<\/span><\/strong><\/a><\/p>\n<p><a href=\"https:\/\/www.iasitex.ro\/wp-content\/uploads\/2018\/04\/AGOA-din-26.04.2018-completare-cu-raport-audit-si-rectificari.zip\"><strong><span style=\"color: #0066cc;\">Adunarea Generala Ordinara a Actionarilor din 26.04.2018<\/span><\/strong><\/a><a href=\"https:\/\/www.iasitex.ro\/wp-content\/uploads\/2018\/04\/AGOA-din-26.04.2018-completare-cu-raport-audit-si-rectificari.zip\"><span style=\"color: #0066cc;\"> &#8211;<\/span><\/a><span style=\"text-decoration: underline;\"><a href=\"https:\/\/www.iasitex.ro\/wp-content\/uploads\/2018\/04\/AGOA-din-26.04.2018-completare-cu-raport-audit-si-rectificari.zip\"> <span style=\"color: #0066cc; text-decoration: underline;\">completare cu raportul auditorului financiar independent si rectificari (corectii)<\/span><\/a><\/span><\/p>\n<p><strong><a href=\"https:\/\/www.iasitex.ro\/wp-content\/uploads\/2015\/08\/Decizia-nr.-10-a-Consiliului-de-Administratie-din-27.03.2018.pdf\">Decizia nr. 10 a Consiliului de Administratie din 27.03.2018<\/a><\/strong><\/p>\n<p><strong><a href=\"https:\/\/www.iasitex.ro\/wp-content\/uploads\/2015\/08\/AGOA-din-26.04.2018.zip\">Adunarea Generala Ordinara a Actionarilor din 26.04.2018<\/a><\/strong><\/p>\n<p><strong><a href=\"https:\/\/www.iasitex.ro\/wp-content\/uploads\/2015\/08\/Intrebari-SIF-si-raspunsuri-IASITEX-09.03.2018.pdf\">Intrebari adresate CA de SIF II Moldova pentru AGEA din 12\/13.03.2018 si raspunsuri IASITEX SA<\/a><\/strong><\/p>\n<p><a href=\"http:\/\/www.iasitex.ro\/wp-content\/uploads\/2015\/08\/IASITEX-SA-Adresa-nr.-1077-din-07.03.2018-catre-SIF-II-Moldova.pdf\"><strong><span style=\"color: #0066cc;\">Solicitare IASITEX SA catre SIF II Moldova referitoare la litiigiile declansate de catre SIF II Moldova<\/span><\/strong><\/a><\/p>\n<p><strong><a href=\"https:\/\/www.iasitex.ro\/wp-content\/uploads\/2018\/03\/Intrebari-SIF-si-raspunsuri-IASITEX.pdf\"><span style=\"color: #0066cc;\">Intrebari adresate CA de catre SIF II Moldova si raspunsuri IASITEX SA<\/span><\/a><\/strong><\/p>\n<p><strong><a href=\"https:\/\/www.iasitex.ro\/wp-content\/uploads\/2015\/08\/AGEA-din-12.03.2018-completare.zip\"><span style=\"color: #0066cc;\">Adunarea Generala Extraordinara a Actionarilor din 12.03.2018 completare<\/span><\/a><\/strong><\/p>\n<p><strong><a href=\"https:\/\/www.iasitex.ro\/wp-content\/uploads\/2015\/08\/AGEA-din-12.03.2018.zip\"><span style=\"color: #0066cc;\">Adunarea Generala Extraordinara a Actionarilor din 12.03.2018<\/span><\/a><\/strong><\/p>\n<p><a href=\"https:\/\/www.iasitex.ro\/wp-content\/uploads\/2015\/08\/Intrebari-adresate-CA-de-catre-SIF-referitoare-la-AGEA-din-22.02.2018-si-raspunsuri-IASITEX.pdf\"><strong><span style=\"color: #0066cc;\">Intrebari adresate CA de catre SIF II Moldova referitoare la AGEA din 22.02.2018 si raspunsuri IASITEX<\/span><\/strong><\/a><\/p>\n<p><strong><a href=\"https:\/\/www.iasitex.ro\/wp-content\/uploads\/2015\/08\/AGEA-din-22.02.2018-completare.zip\"><span style=\"color: #0066cc;\">Adunarea Generala Extraordinara a Actionarilor din 22.02.2018 completare<\/span><\/a><\/strong><\/p>\n<p><strong><a href=\"https:\/\/www.iasitex.ro\/wp-content\/uploads\/2015\/08\/AGEA-din-22.02.2018.zip\"><span style=\"color: #0066cc;\">Adunarea Generala Extraordinara a Actionarilor din 22.02.2018<\/span><\/a><\/strong><\/p>\n<p><strong><a href=\"https:\/\/www.iasitex.ro\/wp-content\/uploads\/2018\/02\/AGOA-din-12.02.2018.zip\">Adunarea Generala Ordinara a Actionarilor din 12.02.2018<\/a><\/strong><\/p>\n<p><strong><a href=\"https:\/\/www.iasitex.ro\/wp-content\/uploads\/2015\/08\/AGEA-din-08.02.2018.zip\"><span style=\"color: #0066cc;\">Adunarea Generala Extraordinara a Actionarilor din 08.02.2018<\/span><\/a><\/strong><\/p>\n<p><a href=\"https:\/\/www.iasitex.ro\/wp-content\/uploads\/2015\/08\/AGOA-din-08.12.2017.zip\"><strong><span style=\"color: #0066cc;\">Adunarea Generala Ordinara a Actionarilor din 08.12.2017<\/span><\/strong><\/a><\/p>\n<p><a href=\"https:\/\/www.iasitex.ro\/wp-content\/uploads\/2015\/08\/AGEA-din-14.09.2017-completare.zip\"><strong><span style=\"color: #0066cc;\">Adunarea Generala Extraordinara a Actionarilor din 14.09.2017 completare<\/span><\/strong><\/a><\/p>\n<p><strong><a href=\"https:\/\/www.iasitex.ro\/wp-content\/uploads\/2016\/06\/AGEA-din-14.09.2017.zip\">Adunarea Generala Extraordinara a Actionarilor din 14.09.2017<\/a><\/strong><\/p>\n<p><strong><a href=\"https:\/\/www.iasitex.ro\/wp-content\/uploads\/2017\/07\/Lista-propuneri-din-partea-SC-A2-IMPEX-SRL.zip\"><span style=\"color: #0066cc;\">Lista cu propuneri pentru functia de administratori si Presedinte CA din partea SC A2 IMPEX SRL<\/span><\/a><\/strong><\/p>\n<p><strong><a href=\"https:\/\/www.iasitex.ro\/wp-content\/uploads\/2015\/08\/AGOAAGEA-din-27.07.2017.zip\"><span style=\"color: #0066cc;\">Adunarea Generala Extraordinara a Actionarilor si Adunarea Generala Ordinara a Actionarilor din 27.07.2017<\/span><\/a><\/strong><\/p>\n<p><strong><a href=\"https:\/\/www.iasitex.ro\/wp-content\/uploads\/2017\/03\/Propunere-candidati-CA-SIF-II-Moldova.pdf\"><span style=\"color: #0066cc;\">Lista propunere candidati Consiliul de Administratie din partea SIF II Moldova<\/span><\/a><\/strong><\/p>\n<p><strong><a href=\"https:\/\/www.iasitex.ro\/wp-content\/uploads\/2017\/03\/Hotararea-nr.-1-a-AGOA-din-13-14.03.2017.pdf\"><span style=\"color: #0066cc;\">Adunarea Generala Ordinara a Actionarilor din 13.03.2017 &#8211; Hotarare<\/span><\/a><\/strong><\/p>\n<p><strong><a href=\"https:\/\/www.iasitex.ro\/wp-content\/uploads\/2017\/03\/AGOAAGEA-din-05.04.2017.zip\"><span style=\"color: #0066cc;\">Adunarea Generala Ordinara a Actionarilor si Adunarea Generala Extraordinara a Actionarilor din 05.04.2017<\/span><\/a><\/strong><\/p>\n<p><strong><a href=\"https:\/\/www.iasitex.ro\/wp-content\/uploads\/2017\/03\/Adunarea-Generala-Ordinara-a-Actionarilor-din-13.03.2017-completare.zip\"><span style=\"color: #0066cc;\">Adunarea Generala Ordinara a Actionarilor din 13.03.2017 completare<\/span><\/a><\/strong><\/p>\n<p><strong><a href=\"https:\/\/www.iasitex.ro\/wp-content\/uploads\/2017\/02\/Adunarea-Generala-Ordinara-a-Actionarilor-din-13.03.2017.zip\"><span style=\"color: #0066cc;\">Adunarea Generala Ordinara a Actionarilor din 13.03.2017<\/span><\/a><\/strong><\/p>\n<p><strong><a href=\"https:\/\/www.iasitex.ro\/wp-content\/uploads\/2015\/08\/Adunarea-Generala-Ordinara-a-Actionarilor-din-09.10.2016.zip\"><span style=\"color: #0066cc;\">Adunarea Generala Ordinara a Actionarilor din 09.10.2016<\/span><\/a><\/strong><\/p>\n<p><strong><a href=\"https:\/\/www.iasitex.ro\/wp-content\/uploads\/2016\/06\/AGOA-din-26.04.2016.zip\" rel=\"\"><span style=\"color: #0066cc;\">Adunarea Generala Ordinara a Actionarilor din 26.04.2016<\/span><\/a><\/strong><\/p>\n<p><strong><a href=\"http:\/\/www.iasitex.ro\/wp-content\/uploads\/2016\/06\/AGOAAGEA-din-31.08.2015.zip\" rel=\"\"><span style=\"color: #0066cc;\">Adunarea Generala Ordinara a Actionarilor si Adunarea Generala Extraordinara a Actionarilor din 31.08.2015<\/span><\/a><\/strong><\/p>\n<p><strong><a href=\"https:\/\/www.iasitex.ro\/wp-content\/uploads\/2015\/08\/AGOAAGEA-din-27.04.2015.zip\" rel=\"\"><span style=\"color: #0066cc;\">Adunarea Generala Ordinara a Actionarilor si Adunarea Generala Extraordinara a Actionarilor din 27.04.2015<\/span><\/a><\/strong><\/p>\n<p><a href=\"https:\/\/www.iasitex.ro\/wp-content\/uploads\/2015\/08\/AGEA-din-18.02.2015.zip\" rel=\"\"><strong><span style=\"color: #0066cc;\">Adunarea Generala Extraordinara a Actionarilor din 18.02.2015<\/span><\/strong><\/a><\/p>\n<p><strong><a href=\"https:\/\/www.iasitex.ro\/wp-content\/uploads\/2015\/08\/AGOA-din-18.02.2015.zip\" rel=\"\"><span style=\"color: #0066cc;\">Adunarea Generala Ordinara a Actionarilor din 18.02.2015<\/span><\/a><\/strong><\/p>\n<p><a href=\"https:\/\/www.iasitex.ro\/wp-content\/uploads\/2015\/08\/AGOA-din-16.09.2014.zip\" rel=\"\"><strong><span style=\"color: #0066cc;\">Adunarea Generala Ordinara a Actionarilor din 16.09.2014<\/span><\/strong><\/a><\/p>\n<p><strong><a href=\"https:\/\/www.iasitex.ro\/wp-content\/uploads\/2015\/08\/AGOA-din-29.04.2014.zip\" rel=\"\"><span style=\"color: #0066cc;\">Adunarea Generala Ordinara a Actionarilor din 29.04.2014<\/span><\/a><\/strong><\/p>\n<p><strong><a href=\"https:\/\/www.iasitex.ro\/wp-content\/uploads\/2015\/08\/Lista-membrilor-propusi.zip\" rel=\"\"><span style=\"color: #0066cc;\">Lista cu propuneri pentru functia de administrator in Consiliul de Administratie<\/span><\/a><\/strong><\/p>\n<p><strong><a href=\"https:\/\/www.iasitex.ro\/wp-content\/uploads\/2015\/08\/AGOA-din-28.11.2013.zip\" rel=\"\"><span style=\"color: #0066cc;\">Adunarea Generala Ordinara a Actionarilor din 28.11.2013<\/span><\/a><\/strong><\/p>","protected":false},"excerpt":{"rendered":"<p>Raport anul 2021 Iasitex SA Hot\u0103r\u00e2re AGOA 27.04.2022 Adunarea General\u0103 Ordinar\u0103 a Ac\u021bionarilor din 27.04.2022 Hot\u0103r\u00e2ri AGOA 26.07.2021 Adunarea General\u0103 Ordinar\u0103 a Ac\u021bionarilor din 26.07.2021 Adunarea General\u0103 Ordinar\u0103 a Ac\u021bionarilor din 30.04.2021 Adunarea Generala Extraordinar\u0103 a Ac\u021bionarilor din 09.02.2021 Adunarea Generala Ordinar\u0103 a Ac\u021bionarilor din 08.02.2021 &#8211; completare Adunarea General\u0103 Ordinar\u0103 a Ac\u021bionarilor din 08.02.2021 [&hellip;]<\/p>\n","protected":false},"author":1,"featured_media":0,"parent":0,"menu_order":0,"comment_status":"closed","ping_status":"closed","template":"","meta":[],"_links":{"self":[{"href":"https:\/\/www.iasitex.com\/en\/wp-json\/wp\/v2\/pages\/713"}],"collection":[{"href":"https:\/\/www.iasitex.com\/en\/wp-json\/wp\/v2\/pages"}],"about":[{"href":"https:\/\/www.iasitex.com\/en\/wp-json\/wp\/v2\/types\/page"}],"author":[{"embeddable":true,"href":"https:\/\/www.iasitex.com\/en\/wp-json\/wp\/v2\/users\/1"}],"replies":[{"embeddable":true,"href":"https:\/\/www.iasitex.com\/en\/wp-json\/wp\/v2\/comments?post=713"}],"version-history":[{"count":225,"href":"https:\/\/www.iasitex.com\/en\/wp-json\/wp\/v2\/pages\/713\/revisions"}],"predecessor-version":[{"id":2987,"href":"https:\/\/www.iasitex.com\/en\/wp-json\/wp\/v2\/pages\/713\/revisions\/2987"}],"wp:attachment":[{"href":"https:\/\/www.iasitex.com\/en\/wp-json\/wp\/v2\/media?parent=713"}],"curies":[{"name":"wp","href":"https:\/\/api.w.org\/{rel}","templated":true}]}}